{"id":1356,"date":"2016-11-27T07:44:46","date_gmt":"2016-11-27T15:44:46","guid":{"rendered":"http:\/\/agencyveneer.com\/WP\/?page_id=1356"},"modified":"2025-06-14T09:32:13","modified_gmt":"2025-06-14T16:32:13","slug":"madrid","status":"publish","type":"page","link":"https:\/\/agencyveneer.com\/WP\/spain\/madrid\/","title":{"rendered":"Madrid"},"content":{"rendered":"<body>The middle of Madrid is Kilometer zero \u2014 all distances in the country are measured from here.\r\n<br>\r\nOne of the most photographed building in the world is the Metropolis Building in downtown Madrid. Inaugurated in 1911, it was designed by Jules and Raymond F\u00e9vrier in a French, Beaux-Arts style for the insurance company La Uni\u00f3n y el F\u00e9nix.\r\n<a href=\"https:\/\/i0.wp.com\/agencyveneer.com\/WP\/assets\/SP_Madrid_IronBldg.jpg\" rel=\"attachment wp-att-866\"><img data-recalc-dims=\"1\" decoding=\"async\" src=\"https:\/\/i0.wp.com\/agencyveneer.com\/WP\/assets\/SP_Madrid_IronBldg.jpg?resize=640%2C336\" alt=\"IronBldg\" width=\"640\" height=\"336\" loading=\"lazy\"><\/a>\r\n<b>Metropolis Building at the corner of the Calle de Alcal\u00e1 and Gran V\u00eda<\/b>\r\n<br>\r\n<a href=\"https:\/\/i0.wp.com\/agencyveneer.com\/WP\/assets\/SP_Madrid_Fountain.jpg\" rel=\"attachment wp-att-866\"><img data-recalc-dims=\"1\" decoding=\"async\" src=\"https:\/\/i0.wp.com\/agencyveneer.com\/WP\/assets\/SP_Madrid_Fountain.jpg?resize=640%2C336\" alt=\"Fountain\" width=\"640\" height=\"336\" loading=\"lazy\"><\/a>\r\n<b>Fountain of Neptune<\/b>\r\n<br>\r\n<a href=\"https:\/\/i0.wp.com\/agencyveneer.com\/WP\/assets\/SP_Madrid_Goya.jpg\" rel=\"attachment wp-att-866\"><img data-recalc-dims=\"1\" decoding=\"async\" src=\"https:\/\/i0.wp.com\/agencyveneer.com\/WP\/assets\/SP_Madrid_Goya.jpg?resize=640%2C336\" alt=\"Goya\" width=\"640\" height=\"336\" loading=\"lazy\"><\/a>\r\n<b>Goya \u2014 his portraits look like photographs<\/b>\r\n<br>\r\nThe Prado Museum is the main Spanish national art museum. It features one of the world\u2019s finest collections of European art \u2014 unquestionably the best single collection of Spanish art. Founded as a museum of paintings and sculpture in 1819, it also contains important collections of other types of works. El Prado is considered one the greatest museums of art in the world. The numerous (1300) works by Francisco de Goya, the single most extensively represented artist, as well as by Diego Vel\u00e1zquez, El Greco, Titian, Peter Paul Rubens and Hieronymus Bosch. \r\n<a href=\"https:\/\/i0.wp.com\/agencyveneer.com\/WP\/assets\/SP_Madrid_Prado.jpg\" rel=\"attachment wp-att-866\"><img data-recalc-dims=\"1\" decoding=\"async\" src=\"https:\/\/i0.wp.com\/agencyveneer.com\/WP\/assets\/SP_Madrid_Prado.jpg?resize=640%2C336\" alt=\"Prado\" width=\"640\" height=\"336\" loading=\"lazy\"><\/a>\r\n<b>Prado Museum <\/b>\r\n<br>\r\n<a href=\"https:\/\/i0.wp.com\/agencyveneer.com\/WP\/assets\/SP_Bullet_Train.jpg\" rel=\"attachment wp-att-866\"><img data-recalc-dims=\"1\" decoding=\"async\" src=\"https:\/\/i0.wp.com\/agencyveneer.com\/WP\/assets\/SP_Bullet_Train.jpg?resize=640%2C336\" alt=\"Bullet_Train\" width=\"640\" height=\"336\" loading=\"lazy\"><\/a>\r\n<b>Bullet Train \u2014 2 1\/2 hrs from Madrid to Barcelona<\/b>\r\n<br><div class=\"learnpress\"><div class=\"learn-press-message error\">This shortcode LP Profile only use on the page <a href=\"https:\/\/agencyveneer.com\/WP\/wp-admin\/admin.php?page=learn-press-settings\"><strong>Profile<\/strong><\/a><\/div><\/div>\n<\/body>","protected":false},"excerpt":{"rendered":"<p>The middle of Madrid is Kilometer zero \u2014 all distances in the country are measured from here. One of the [&hellip;]<\/p>\n","protected":false},"author":1,"featured_media":1357,"parent":1353,"menu_order":0,"comment_status":"closed","ping_status":"closed","template":"","meta":{"footnotes":""},"class_list":["post-1356","page","type-page","status-publish","has-post-thumbnail","hentry"],"yoast_head":"<!-- This site is optimized with the Yoast SEO plugin v27.4 - https:\/\/yoast.com\/product\/yoast-seo-wordpress\/ -->\n<title>Madrid - Hambleton Imageworks<\/title>\n<meta name=\"robots\" content=\"index, follow, max-snippet:-1, max-image-preview:large, max-video-preview:-1\" \/>\n<link rel=\"canonical\" href=\"https:\/\/agencyveneer.com\/WP\/spain\/madrid\/\" \/>\n<meta property=\"og:locale\" content=\"en_US\" \/>\n<meta property=\"og:type\" content=\"article\" \/>\n<meta property=\"og:title\" content=\"Madrid - Hambleton Imageworks\" \/>\n<meta property=\"og:description\" content=\"The middle of Madrid is Kilometer zero \u2014 all distances in the country are measured from here. One of the [&hellip;]\" \/>\n<meta property=\"og:url\" content=\"https:\/\/agencyveneer.com\/WP\/spain\/madrid\/\" \/>\n<meta property=\"og:site_name\" content=\"Hambleton Imageworks\" \/>\n<meta property=\"article:modified_time\" content=\"2025-06-14T16:32:13+00:00\" \/>\n<meta property=\"og:image\" content=\"https:\/\/agencyveneer.com\/WP\/assets\/SP_Madrid_Km_Zero.jpg\" \/>\n\t<meta property=\"og:image:width\" content=\"1920\" \/>\n\t<meta property=\"og:image:height\" content=\"1164\" \/>\n\t<meta property=\"og:image:type\" content=\"image\/jpeg\" \/>\n<meta name=\"twitter:card\" content=\"summary_large_image\" \/>\n<meta name=\"twitter:site\" content=\"@zhambone\" \/>\n<meta name=\"twitter:label1\" content=\"Est. reading time\" \/>\n\t<meta name=\"twitter:data1\" content=\"2 minutes\" \/>\n<script type=\"application\/ld+json\" class=\"yoast-schema-graph\">{\"@context\":\"https:\\\/\\\/schema.org\",\"@graph\":[{\"@type\":\"WebPage\",\"@id\":\"https:\\\/\\\/agencyveneer.com\\\/WP\\\/spain\\\/madrid\\\/\",\"url\":\"https:\\\/\\\/agencyveneer.com\\\/WP\\\/spain\\\/madrid\\\/\",\"name\":\"Madrid - Hambleton Imageworks\",\"isPartOf\":{\"@id\":\"https:\\\/\\\/agencyveneer.com\\\/WP\\\/#website\"},\"primaryImageOfPage\":{\"@id\":\"https:\\\/\\\/agencyveneer.com\\\/WP\\\/spain\\\/madrid\\\/#primaryimage\"},\"image\":{\"@id\":\"https:\\\/\\\/agencyveneer.com\\\/WP\\\/spain\\\/madrid\\\/#primaryimage\"},\"thumbnailUrl\":\"https:\\\/\\\/i0.wp.com\\\/agencyveneer.com\\\/WP\\\/assets\\\/SP_Madrid_Km_Zero.jpg?fit=1920%2C1164&ssl=1\",\"datePublished\":\"2016-11-27T15:44:46+00:00\",\"dateModified\":\"2025-06-14T16:32:13+00:00\",\"breadcrumb\":{\"@id\":\"https:\\\/\\\/agencyveneer.com\\\/WP\\\/spain\\\/madrid\\\/#breadcrumb\"},\"inLanguage\":\"en-US\",\"potentialAction\":[{\"@type\":\"ReadAction\",\"target\":[\"https:\\\/\\\/agencyveneer.com\\\/WP\\\/spain\\\/madrid\\\/\"]}]},{\"@type\":\"ImageObject\",\"inLanguage\":\"en-US\",\"@id\":\"https:\\\/\\\/agencyveneer.com\\\/WP\\\/spain\\\/madrid\\\/#primaryimage\",\"url\":\"https:\\\/\\\/i0.wp.com\\\/agencyveneer.com\\\/WP\\\/assets\\\/SP_Madrid_Km_Zero.jpg?fit=1920%2C1164&ssl=1\",\"contentUrl\":\"https:\\\/\\\/i0.wp.com\\\/agencyveneer.com\\\/WP\\\/assets\\\/SP_Madrid_Km_Zero.jpg?fit=1920%2C1164&ssl=1\",\"width\":1920,\"height\":1164},{\"@type\":\"BreadcrumbList\",\"@id\":\"https:\\\/\\\/agencyveneer.com\\\/WP\\\/spain\\\/madrid\\\/#breadcrumb\",\"itemListElement\":[{\"@type\":\"ListItem\",\"position\":1,\"name\":\"Home\",\"item\":\"https:\\\/\\\/agencyveneer.com\\\/WP\\\/\"},{\"@type\":\"ListItem\",\"position\":2,\"name\":\"Spain\",\"item\":\"https:\\\/\\\/agencyveneer.com\\\/WP\\\/spain\\\/\"},{\"@type\":\"ListItem\",\"position\":3,\"name\":\"Madrid\"}]},{\"@type\":\"WebSite\",\"@id\":\"https:\\\/\\\/agencyveneer.com\\\/WP\\\/#website\",\"url\":\"https:\\\/\\\/agencyveneer.com\\\/WP\\\/\",\"name\":\"Hambleton Imageworks\",\"description\":\"Travel photos and blogs\",\"publisher\":{\"@id\":\"https:\\\/\\\/agencyveneer.com\\\/WP\\\/#\\\/schema\\\/person\\\/366ff0ecfc62e695bfb3d54432de4734\"},\"potentialAction\":[{\"@type\":\"SearchAction\",\"target\":{\"@type\":\"EntryPoint\",\"urlTemplate\":\"https:\\\/\\\/agencyveneer.com\\\/WP\\\/?s={search_term_string}\"},\"query-input\":{\"@type\":\"PropertyValueSpecification\",\"valueRequired\":true,\"valueName\":\"search_term_string\"}}],\"inLanguage\":\"en-US\"},{\"@type\":[\"Person\",\"Organization\"],\"@id\":\"https:\\\/\\\/agencyveneer.com\\\/WP\\\/#\\\/schema\\\/person\\\/366ff0ecfc62e695bfb3d54432de4734\",\"name\":\"hambone\",\"image\":{\"@type\":\"ImageObject\",\"inLanguage\":\"en-US\",\"@id\":\"https:\\\/\\\/agencyveneer.com\\\/WP\\\/assets\\\/cropped-41.jpg\",\"url\":\"https:\\\/\\\/agencyveneer.com\\\/WP\\\/assets\\\/cropped-41.jpg\",\"contentUrl\":\"https:\\\/\\\/agencyveneer.com\\\/WP\\\/assets\\\/cropped-41.jpg\",\"width\":300,\"height\":213,\"caption\":\"hambone\"},\"logo\":{\"@id\":\"https:\\\/\\\/agencyveneer.com\\\/WP\\\/assets\\\/cropped-41.jpg\"},\"description\":\"World traveler.\",\"sameAs\":[\"https:\\\/\\\/www.travelpixsite.com\\\/\"]}]}<\/script>\n<!-- \/ Yoast SEO plugin. -->","yoast_head_json":{"title":"Madrid - Hambleton Imageworks","robots":{"index":"index","follow":"follow","max-snippet":"max-snippet:-1","max-image-preview":"max-image-preview:large","max-video-preview":"max-video-preview:-1"},"canonical":"https:\/\/agencyveneer.com\/WP\/spain\/madrid\/","og_locale":"en_US","og_type":"article","og_title":"Madrid - Hambleton Imageworks","og_description":"The middle of Madrid is Kilometer zero \u2014 all distances in the country are measured from here. One of the [&hellip;]","og_url":"https:\/\/agencyveneer.com\/WP\/spain\/madrid\/","og_site_name":"Hambleton Imageworks","article_modified_time":"2025-06-14T16:32:13+00:00","og_image":[{"width":1920,"height":1164,"url":"https:\/\/agencyveneer.com\/WP\/assets\/SP_Madrid_Km_Zero.jpg","type":"image\/jpeg"}],"twitter_card":"summary_large_image","twitter_site":"@zhambone","twitter_misc":{"Est. reading time":"2 minutes"},"schema":{"@context":"https:\/\/schema.org","@graph":[{"@type":"WebPage","@id":"https:\/\/agencyveneer.com\/WP\/spain\/madrid\/","url":"https:\/\/agencyveneer.com\/WP\/spain\/madrid\/","name":"Madrid - Hambleton Imageworks","isPartOf":{"@id":"https:\/\/agencyveneer.com\/WP\/#website"},"primaryImageOfPage":{"@id":"https:\/\/agencyveneer.com\/WP\/spain\/madrid\/#primaryimage"},"image":{"@id":"https:\/\/agencyveneer.com\/WP\/spain\/madrid\/#primaryimage"},"thumbnailUrl":"https:\/\/i0.wp.com\/agencyveneer.com\/WP\/assets\/SP_Madrid_Km_Zero.jpg?fit=1920%2C1164&ssl=1","datePublished":"2016-11-27T15:44:46+00:00","dateModified":"2025-06-14T16:32:13+00:00","breadcrumb":{"@id":"https:\/\/agencyveneer.com\/WP\/spain\/madrid\/#breadcrumb"},"inLanguage":"en-US","potentialAction":[{"@type":"ReadAction","target":["https:\/\/agencyveneer.com\/WP\/spain\/madrid\/"]}]},{"@type":"ImageObject","inLanguage":"en-US","@id":"https:\/\/agencyveneer.com\/WP\/spain\/madrid\/#primaryimage","url":"https:\/\/i0.wp.com\/agencyveneer.com\/WP\/assets\/SP_Madrid_Km_Zero.jpg?fit=1920%2C1164&ssl=1","contentUrl":"https:\/\/i0.wp.com\/agencyveneer.com\/WP\/assets\/SP_Madrid_Km_Zero.jpg?fit=1920%2C1164&ssl=1","width":1920,"height":1164},{"@type":"BreadcrumbList","@id":"https:\/\/agencyveneer.com\/WP\/spain\/madrid\/#breadcrumb","itemListElement":[{"@type":"ListItem","position":1,"name":"Home","item":"https:\/\/agencyveneer.com\/WP\/"},{"@type":"ListItem","position":2,"name":"Spain","item":"https:\/\/agencyveneer.com\/WP\/spain\/"},{"@type":"ListItem","position":3,"name":"Madrid"}]},{"@type":"WebSite","@id":"https:\/\/agencyveneer.com\/WP\/#website","url":"https:\/\/agencyveneer.com\/WP\/","name":"Hambleton Imageworks","description":"Travel photos and blogs","publisher":{"@id":"https:\/\/agencyveneer.com\/WP\/#\/schema\/person\/366ff0ecfc62e695bfb3d54432de4734"},"potentialAction":[{"@type":"SearchAction","target":{"@type":"EntryPoint","urlTemplate":"https:\/\/agencyveneer.com\/WP\/?s={search_term_string}"},"query-input":{"@type":"PropertyValueSpecification","valueRequired":true,"valueName":"search_term_string"}}],"inLanguage":"en-US"},{"@type":["Person","Organization"],"@id":"https:\/\/agencyveneer.com\/WP\/#\/schema\/person\/366ff0ecfc62e695bfb3d54432de4734","name":"hambone","image":{"@type":"ImageObject","inLanguage":"en-US","@id":"https:\/\/agencyveneer.com\/WP\/assets\/cropped-41.jpg","url":"https:\/\/agencyveneer.com\/WP\/assets\/cropped-41.jpg","contentUrl":"https:\/\/agencyveneer.com\/WP\/assets\/cropped-41.jpg","width":300,"height":213,"caption":"hambone"},"logo":{"@id":"https:\/\/agencyveneer.com\/WP\/assets\/cropped-41.jpg"},"description":"World traveler.","sameAs":["https:\/\/www.travelpixsite.com\/"]}]}},"jetpack_sharing_enabled":true,"_links":{"self":[{"href":"https:\/\/agencyveneer.com\/WP\/wp-json\/wp\/v2\/pages\/1356","targetHints":{"allow":["GET"]}}],"collection":[{"href":"https:\/\/agencyveneer.com\/WP\/wp-json\/wp\/v2\/pages"}],"about":[{"href":"https:\/\/agencyveneer.com\/WP\/wp-json\/wp\/v2\/types\/page"}],"author":[{"embeddable":true,"href":"https:\/\/agencyveneer.com\/WP\/wp-json\/wp\/v2\/users\/1"}],"replies":[{"embeddable":true,"href":"https:\/\/agencyveneer.com\/WP\/wp-json\/wp\/v2\/comments?post=1356"}],"version-history":[{"count":1,"href":"https:\/\/agencyveneer.com\/WP\/wp-json\/wp\/v2\/pages\/1356\/revisions"}],"predecessor-version":[{"id":2684,"href":"https:\/\/agencyveneer.com\/WP\/wp-json\/wp\/v2\/pages\/1356\/revisions\/2684"}],"up":[{"embeddable":true,"href":"https:\/\/agencyveneer.com\/WP\/wp-json\/wp\/v2\/pages\/1353"}],"wp:featuredmedia":[{"embeddable":true,"href":"https:\/\/agencyveneer.com\/WP\/wp-json\/wp\/v2\/media\/1357"}],"wp:attachment":[{"href":"https:\/\/agencyveneer.com\/WP\/wp-json\/wp\/v2\/media?parent=1356"}],"curies":[{"name":"wp","href":"https:\/\/api.w.org\/{rel}","templated":true}]}}