{"id":1373,"date":"2016-11-27T14:44:06","date_gmt":"2016-11-27T22:44:06","guid":{"rendered":"http:\/\/agencyveneer.com\/WP\/?page_id=1373"},"modified":"2025-06-14T09:48:06","modified_gmt":"2025-06-14T16:48:06","slug":"barcelona","status":"publish","type":"page","link":"https:\/\/agencyveneer.com\/WP\/spain\/barcelona\/","title":{"rendered":"Barcelona"},"content":{"rendered":"<body>The Christopher Columbus Monument stands on the edge of the Barcelona harbour at the lower end of Las Ramblas.  It is a 60 m (197 ft) tall.  The monument serves as a reminder that Christopher Columbus reported to Queen Isabella I and King Ferdinand V in Barcelona after his first trip to the new continent.\r\n\r\nLas Ramblas is a street in central Barcelona, popular with tourists and locals alike. A tree-lined pedestrian mall, it stretches for 1.2 kilometres connecting Plaza de Catalunya in the centre with the Christopher Columbus Monument at Port Vell.  It is one of the most famous streets in the world as it cuts through the Gothic areas of the old city. The Spanish poet Federico Garc\u00eda Lorca once said, \u201cIt is the only street in the world, which I wish would never end.\u201d\r\n\r\n<a href=\"https:\/\/i0.wp.com\/agencyveneer.com\/WP\/assets\/SP_Barc_Ramblas.jpg\" rel=\"attachment wp-att-866\">\r\n<img data-recalc-dims=\"1\" decoding=\"async\" src=\"https:\/\/i0.wp.com\/agencyveneer.com\/WP\/assets\/SP_Barc_Ramblas.jpg?resize=640%2C336\" alt=\"SP_Barc_Ramblas\" width=\"640\" height=\"336\" loading=\"lazy\"><\/a>\r\n<b>Las Ramblas is crowded with tourists and locals<\/b>\r\n<em>That Barcelona is one of the great cities on Earth is something on which most people can agree. But, Barcelona has a big problem \u2013 tourists.  This city of 2 million annually attracts 9 million visitors and like Venice has become more like a theme park.  It sits fourth in Europe in the number of visitors after Paris, London &amp; Rome but those cities have tourist attractions spread across a large city while Barcelona has the harbour in close proximity to the beaches, the must-see Gaudi sites and those fabulous Gothic barios with the narrow streets on both sides of Las Ramblas.  Aside from the taxi drivers and souvenir shop owners, the residents and some politicians are revolting.<\/em>\r\n<a href=\"http:\/\/www.economist.com\/blogs\/gulliver\/2015\/06\/tourism-barcelona\">Barcelona revolding against the undesirables<\/a>\r\n\r\n<a href=\"https:\/\/i0.wp.com\/agencyveneer.com\/WP\/assets\/SP_Barc_Umbrella1.jpg\" rel=\"attachment wp-att-866\">\r\n<img data-recalc-dims=\"1\" decoding=\"async\" src=\"https:\/\/i0.wp.com\/agencyveneer.com\/WP\/assets\/SP_Barc_Umbrella1.jpg?resize=640%2C336\" alt=\"Umbrella\" width=\"640\" height=\"336\" loading=\"lazy\"><\/a>\r\n<b>Raining in the narrow streets of the Gothic Quarter<\/b>\r\nThe Gothic Quarter was the center of the Roman city. There are still remnants of the Roman temple of Augustus. The original center of Roman and medieval Barcelona still forms the core of 21st-century Barcelona. Its maze of narrow streets and squares is steeped in the city\u2019s past and present.\r\n<a href=\"https:\/\/i0.wp.com\/agencyveneer.com\/WP\/assets\/SP_Barc_Ally1.jpg\" rel=\"attachment wp-att-866\">\r\n<img data-recalc-dims=\"1\" decoding=\"async\" src=\"https:\/\/i0.wp.com\/agencyveneer.com\/WP\/assets\/SP_Barc_Ally1.jpg?resize=640%2C336\" alt=\"Ally1\" width=\"640\" height=\"336\" loading=\"lazy\"><\/a>1\r\n<b>One of the myriad of secret streets in the old barrio<\/b>\r\n<a href=\"https:\/\/i0.wp.com\/agencyveneer.com\/WP\/assets\/SP_Barc_Ally.jpg\" rel=\"attachment wp-att-866\">\r\n<img data-recalc-dims=\"1\" decoding=\"async\" src=\"https:\/\/i0.wp.com\/agencyveneer.com\/WP\/assets\/SP_Barc_Ally.jpg?resize=640%2C336\" alt=\"Barc_Ally\" width=\"640\" height=\"336\" loading=\"lazy\"><\/a>1\r\n<b>Back Ally passages have attracted tourists from all over Europe<\/b>\r\n\r\nLa Sagrada Familia is a large Roman Catholic church in Barcelona, designed by Spanish (Catalan) architect Antoni Gaud\u00ed (1852\u20131926). Construction of Sagrada Fam\u00edlia commenced in 1882 by architect Francisco Paula de Villar with Gaud\u00ed becoming involved in 1883 after Francisco resigned. Taking over the project, Gaud\u00ed transformed it with his architectural and engineering style, combining Gothic and curvilinear Art Nouveau forms. Gaud\u00ed devoted his last years to the project, and at the time of his death at age 73 in 1926, less than a quarter of the project was complete.  I last saw it in 1968 when construction on it had terminated because of lack of money.  After Spain\u2019s dictator,Franco, died the city decided it would be a good idea to try to complete it.\r\n\r\n<a href=\"https:\/\/i0.wp.com\/agencyveneer.com\/WP\/assets\/SP_Barc_Sagrada.jpg\" rel=\"attachment wp-att-866\">\r\n<img data-recalc-dims=\"1\" decoding=\"async\" src=\"https:\/\/i0.wp.com\/agencyveneer.com\/WP\/assets\/SP_Barc_Sagrada.jpg?resize=640%2C336\" alt=\"Sagrada\" width=\"640\" height=\"336\" loading=\"lazy\"><\/a>1\r\n<b>Sagrada Familia \u2014 Construction began in 1898 and will be completed (officially opened)May 4th, 2026 \u2013 the 100th anniversary of Gaudi\u2019s death (struck by a tram) <\/b>\r\n\r\n<a href=\"https:\/\/i0.wp.com\/agencyveneer.com\/WP\/assets\/SP_Barc_Sagrada_Interior.jpg\" rel=\"attachment wp-att-866\">\r\n<img data-recalc-dims=\"1\" decoding=\"async\" src=\"https:\/\/i0.wp.com\/agencyveneer.com\/WP\/assets\/SP_Barc_Sagrada_Interior.jpg?resize=640%2C336\" alt=\"Sagrada Interior\" width=\"640\" height=\"336\" loading=\"lazy\"><\/a>1\r\n<b>Sagrada Familia \u2014 Interior (From a Poster)<\/b>\r\n\r\n\r\n<a href=\"https:\/\/i0.wp.com\/agencyveneer.com\/WP\/assets\/SP_Barc_Sagrada_Me.jpg\" rel=\"attachment wp-att-866\">\r\n<img data-recalc-dims=\"1\" decoding=\"async\" src=\"https:\/\/i0.wp.com\/agencyveneer.com\/WP\/assets\/SP_Barc_Sagrada_Me.jpg?resize=640%2C336\" alt=\"Sagrada Me\" width=\"640\" height=\"336\" loading=\"lazy\"><\/a>1\r\n<b>October 20, 2016<\/b><div class=\"learnpress\"><div class=\"learn-press-message error\">This shortcode LP Profile only use on the page <a href=\"https:\/\/agencyveneer.com\/WP\/wp-admin\/admin.php?page=learn-press-settings\"><strong>Profile<\/strong><\/a><\/div><\/div>\n<\/body>","protected":false},"excerpt":{"rendered":"<p>The Christopher Columbus Monument stands on the edge of the Barcelona harbour at the lower end of Las Ramblas. It [&hellip;]<\/p>\n","protected":false},"author":1,"featured_media":1374,"parent":1353,"menu_order":0,"comment_status":"closed","ping_status":"closed","template":"","meta":{"footnotes":""},"class_list":["post-1373","page","type-page","status-publish","has-post-thumbnail","hentry"],"yoast_head":"<!-- This site is optimized with the Yoast SEO plugin v27.4 - https:\/\/yoast.com\/product\/yoast-seo-wordpress\/ -->\n<title>Barcelona - Hambleton Imageworks<\/title>\n<meta name=\"robots\" content=\"index, follow, max-snippet:-1, max-image-preview:large, max-video-preview:-1\" \/>\n<link rel=\"canonical\" href=\"https:\/\/agencyveneer.com\/WP\/spain\/barcelona\/\" \/>\n<meta property=\"og:locale\" content=\"en_US\" \/>\n<meta property=\"og:type\" content=\"article\" \/>\n<meta property=\"og:title\" content=\"Barcelona - Hambleton Imageworks\" \/>\n<meta property=\"og:description\" content=\"The Christopher Columbus Monument stands on the edge of the Barcelona harbour at the lower end of Las Ramblas. It [&hellip;]\" \/>\n<meta property=\"og:url\" content=\"https:\/\/agencyveneer.com\/WP\/spain\/barcelona\/\" \/>\n<meta property=\"og:site_name\" content=\"Hambleton Imageworks\" \/>\n<meta property=\"article:modified_time\" content=\"2025-06-14T16:48:06+00:00\" \/>\n<meta property=\"og:image\" content=\"https:\/\/agencyveneer.com\/WP\/assets\/SP_Barc_entree.jpg\" \/>\n\t<meta property=\"og:image:width\" content=\"1920\" \/>\n\t<meta property=\"og:image:height\" content=\"1440\" \/>\n\t<meta property=\"og:image:type\" content=\"image\/jpeg\" \/>\n<meta name=\"twitter:card\" content=\"summary_large_image\" \/>\n<meta name=\"twitter:site\" content=\"@zhambone\" \/>\n<meta name=\"twitter:label1\" content=\"Est. reading time\" \/>\n\t<meta name=\"twitter:data1\" content=\"4 minutes\" \/>\n<script type=\"application\/ld+json\" class=\"yoast-schema-graph\">{\"@context\":\"https:\\\/\\\/schema.org\",\"@graph\":[{\"@type\":\"WebPage\",\"@id\":\"https:\\\/\\\/agencyveneer.com\\\/WP\\\/spain\\\/barcelona\\\/\",\"url\":\"https:\\\/\\\/agencyveneer.com\\\/WP\\\/spain\\\/barcelona\\\/\",\"name\":\"Barcelona - Hambleton Imageworks\",\"isPartOf\":{\"@id\":\"https:\\\/\\\/agencyveneer.com\\\/WP\\\/#website\"},\"primaryImageOfPage\":{\"@id\":\"https:\\\/\\\/agencyveneer.com\\\/WP\\\/spain\\\/barcelona\\\/#primaryimage\"},\"image\":{\"@id\":\"https:\\\/\\\/agencyveneer.com\\\/WP\\\/spain\\\/barcelona\\\/#primaryimage\"},\"thumbnailUrl\":\"https:\\\/\\\/i0.wp.com\\\/agencyveneer.com\\\/WP\\\/assets\\\/SP_Barc_entree.jpg?fit=1920%2C1440&ssl=1\",\"datePublished\":\"2016-11-27T22:44:06+00:00\",\"dateModified\":\"2025-06-14T16:48:06+00:00\",\"breadcrumb\":{\"@id\":\"https:\\\/\\\/agencyveneer.com\\\/WP\\\/spain\\\/barcelona\\\/#breadcrumb\"},\"inLanguage\":\"en-US\",\"potentialAction\":[{\"@type\":\"ReadAction\",\"target\":[\"https:\\\/\\\/agencyveneer.com\\\/WP\\\/spain\\\/barcelona\\\/\"]}]},{\"@type\":\"ImageObject\",\"inLanguage\":\"en-US\",\"@id\":\"https:\\\/\\\/agencyveneer.com\\\/WP\\\/spain\\\/barcelona\\\/#primaryimage\",\"url\":\"https:\\\/\\\/i0.wp.com\\\/agencyveneer.com\\\/WP\\\/assets\\\/SP_Barc_entree.jpg?fit=1920%2C1440&ssl=1\",\"contentUrl\":\"https:\\\/\\\/i0.wp.com\\\/agencyveneer.com\\\/WP\\\/assets\\\/SP_Barc_entree.jpg?fit=1920%2C1440&ssl=1\",\"width\":1920,\"height\":1440},{\"@type\":\"BreadcrumbList\",\"@id\":\"https:\\\/\\\/agencyveneer.com\\\/WP\\\/spain\\\/barcelona\\\/#breadcrumb\",\"itemListElement\":[{\"@type\":\"ListItem\",\"position\":1,\"name\":\"Home\",\"item\":\"https:\\\/\\\/agencyveneer.com\\\/WP\\\/\"},{\"@type\":\"ListItem\",\"position\":2,\"name\":\"Spain\",\"item\":\"https:\\\/\\\/agencyveneer.com\\\/WP\\\/spain\\\/\"},{\"@type\":\"ListItem\",\"position\":3,\"name\":\"Barcelona\"}]},{\"@type\":\"WebSite\",\"@id\":\"https:\\\/\\\/agencyveneer.com\\\/WP\\\/#website\",\"url\":\"https:\\\/\\\/agencyveneer.com\\\/WP\\\/\",\"name\":\"Hambleton Imageworks\",\"description\":\"Travel photos and blogs\",\"publisher\":{\"@id\":\"https:\\\/\\\/agencyveneer.com\\\/WP\\\/#\\\/schema\\\/person\\\/366ff0ecfc62e695bfb3d54432de4734\"},\"potentialAction\":[{\"@type\":\"SearchAction\",\"target\":{\"@type\":\"EntryPoint\",\"urlTemplate\":\"https:\\\/\\\/agencyveneer.com\\\/WP\\\/?s={search_term_string}\"},\"query-input\":{\"@type\":\"PropertyValueSpecification\",\"valueRequired\":true,\"valueName\":\"search_term_string\"}}],\"inLanguage\":\"en-US\"},{\"@type\":[\"Person\",\"Organization\"],\"@id\":\"https:\\\/\\\/agencyveneer.com\\\/WP\\\/#\\\/schema\\\/person\\\/366ff0ecfc62e695bfb3d54432de4734\",\"name\":\"hambone\",\"image\":{\"@type\":\"ImageObject\",\"inLanguage\":\"en-US\",\"@id\":\"https:\\\/\\\/agencyveneer.com\\\/WP\\\/assets\\\/cropped-41.jpg\",\"url\":\"https:\\\/\\\/agencyveneer.com\\\/WP\\\/assets\\\/cropped-41.jpg\",\"contentUrl\":\"https:\\\/\\\/agencyveneer.com\\\/WP\\\/assets\\\/cropped-41.jpg\",\"width\":300,\"height\":213,\"caption\":\"hambone\"},\"logo\":{\"@id\":\"https:\\\/\\\/agencyveneer.com\\\/WP\\\/assets\\\/cropped-41.jpg\"},\"description\":\"World traveler.\",\"sameAs\":[\"https:\\\/\\\/www.travelpixsite.com\\\/\"]}]}<\/script>\n<!-- \/ Yoast SEO plugin. -->","yoast_head_json":{"title":"Barcelona - Hambleton Imageworks","robots":{"index":"index","follow":"follow","max-snippet":"max-snippet:-1","max-image-preview":"max-image-preview:large","max-video-preview":"max-video-preview:-1"},"canonical":"https:\/\/agencyveneer.com\/WP\/spain\/barcelona\/","og_locale":"en_US","og_type":"article","og_title":"Barcelona - Hambleton Imageworks","og_description":"The Christopher Columbus Monument stands on the edge of the Barcelona harbour at the lower end of Las Ramblas. It [&hellip;]","og_url":"https:\/\/agencyveneer.com\/WP\/spain\/barcelona\/","og_site_name":"Hambleton Imageworks","article_modified_time":"2025-06-14T16:48:06+00:00","og_image":[{"width":1920,"height":1440,"url":"https:\/\/agencyveneer.com\/WP\/assets\/SP_Barc_entree.jpg","type":"image\/jpeg"}],"twitter_card":"summary_large_image","twitter_site":"@zhambone","twitter_misc":{"Est. reading time":"4 minutes"},"schema":{"@context":"https:\/\/schema.org","@graph":[{"@type":"WebPage","@id":"https:\/\/agencyveneer.com\/WP\/spain\/barcelona\/","url":"https:\/\/agencyveneer.com\/WP\/spain\/barcelona\/","name":"Barcelona - Hambleton Imageworks","isPartOf":{"@id":"https:\/\/agencyveneer.com\/WP\/#website"},"primaryImageOfPage":{"@id":"https:\/\/agencyveneer.com\/WP\/spain\/barcelona\/#primaryimage"},"image":{"@id":"https:\/\/agencyveneer.com\/WP\/spain\/barcelona\/#primaryimage"},"thumbnailUrl":"https:\/\/i0.wp.com\/agencyveneer.com\/WP\/assets\/SP_Barc_entree.jpg?fit=1920%2C1440&ssl=1","datePublished":"2016-11-27T22:44:06+00:00","dateModified":"2025-06-14T16:48:06+00:00","breadcrumb":{"@id":"https:\/\/agencyveneer.com\/WP\/spain\/barcelona\/#breadcrumb"},"inLanguage":"en-US","potentialAction":[{"@type":"ReadAction","target":["https:\/\/agencyveneer.com\/WP\/spain\/barcelona\/"]}]},{"@type":"ImageObject","inLanguage":"en-US","@id":"https:\/\/agencyveneer.com\/WP\/spain\/barcelona\/#primaryimage","url":"https:\/\/i0.wp.com\/agencyveneer.com\/WP\/assets\/SP_Barc_entree.jpg?fit=1920%2C1440&ssl=1","contentUrl":"https:\/\/i0.wp.com\/agencyveneer.com\/WP\/assets\/SP_Barc_entree.jpg?fit=1920%2C1440&ssl=1","width":1920,"height":1440},{"@type":"BreadcrumbList","@id":"https:\/\/agencyveneer.com\/WP\/spain\/barcelona\/#breadcrumb","itemListElement":[{"@type":"ListItem","position":1,"name":"Home","item":"https:\/\/agencyveneer.com\/WP\/"},{"@type":"ListItem","position":2,"name":"Spain","item":"https:\/\/agencyveneer.com\/WP\/spain\/"},{"@type":"ListItem","position":3,"name":"Barcelona"}]},{"@type":"WebSite","@id":"https:\/\/agencyveneer.com\/WP\/#website","url":"https:\/\/agencyveneer.com\/WP\/","name":"Hambleton Imageworks","description":"Travel photos and blogs","publisher":{"@id":"https:\/\/agencyveneer.com\/WP\/#\/schema\/person\/366ff0ecfc62e695bfb3d54432de4734"},"potentialAction":[{"@type":"SearchAction","target":{"@type":"EntryPoint","urlTemplate":"https:\/\/agencyveneer.com\/WP\/?s={search_term_string}"},"query-input":{"@type":"PropertyValueSpecification","valueRequired":true,"valueName":"search_term_string"}}],"inLanguage":"en-US"},{"@type":["Person","Organization"],"@id":"https:\/\/agencyveneer.com\/WP\/#\/schema\/person\/366ff0ecfc62e695bfb3d54432de4734","name":"hambone","image":{"@type":"ImageObject","inLanguage":"en-US","@id":"https:\/\/agencyveneer.com\/WP\/assets\/cropped-41.jpg","url":"https:\/\/agencyveneer.com\/WP\/assets\/cropped-41.jpg","contentUrl":"https:\/\/agencyveneer.com\/WP\/assets\/cropped-41.jpg","width":300,"height":213,"caption":"hambone"},"logo":{"@id":"https:\/\/agencyveneer.com\/WP\/assets\/cropped-41.jpg"},"description":"World traveler.","sameAs":["https:\/\/www.travelpixsite.com\/"]}]}},"jetpack_sharing_enabled":true,"_links":{"self":[{"href":"https:\/\/agencyveneer.com\/WP\/wp-json\/wp\/v2\/pages\/1373","targetHints":{"allow":["GET"]}}],"collection":[{"href":"https:\/\/agencyveneer.com\/WP\/wp-json\/wp\/v2\/pages"}],"about":[{"href":"https:\/\/agencyveneer.com\/WP\/wp-json\/wp\/v2\/types\/page"}],"author":[{"embeddable":true,"href":"https:\/\/agencyveneer.com\/WP\/wp-json\/wp\/v2\/users\/1"}],"replies":[{"embeddable":true,"href":"https:\/\/agencyveneer.com\/WP\/wp-json\/wp\/v2\/comments?post=1373"}],"version-history":[{"count":1,"href":"https:\/\/agencyveneer.com\/WP\/wp-json\/wp\/v2\/pages\/1373\/revisions"}],"predecessor-version":[{"id":2658,"href":"https:\/\/agencyveneer.com\/WP\/wp-json\/wp\/v2\/pages\/1373\/revisions\/2658"}],"up":[{"embeddable":true,"href":"https:\/\/agencyveneer.com\/WP\/wp-json\/wp\/v2\/pages\/1353"}],"wp:featuredmedia":[{"embeddable":true,"href":"https:\/\/agencyveneer.com\/WP\/wp-json\/wp\/v2\/media\/1374"}],"wp:attachment":[{"href":"https:\/\/agencyveneer.com\/WP\/wp-json\/wp\/v2\/media?parent=1373"}],"curies":[{"name":"wp","href":"https:\/\/api.w.org\/{rel}","templated":true}]}}