{"id":665,"date":"2016-02-01T10:30:53","date_gmt":"2016-02-01T18:30:53","guid":{"rendered":"http:\/\/agencyveneer.com\/WP\/?page_id=665"},"modified":"2025-06-08T16:37:03","modified_gmt":"2025-06-08T23:37:03","slug":"beisbol","status":"publish","type":"page","link":"https:\/\/agencyveneer.com\/WP\/cuba\/beisbol\/","title":{"rendered":"Beisbol"},"content":{"rendered":"<body>I attended the 1st game of a double-header between Industriales de La Habana (the Yankees of Cuban ball) vs Bayamo Granma Alazanes on Saturday, January 23rd, 2016 at the <b>Estadio Latinoamericano<\/b> in Havana.  Entry price for a tourist was $3 which would allow you to sit wherever you wanted \u2014 just show the ticket stub to anyone and they will make room for you.\r\n\r\nWe also witnessed the Baracoa team\u2019s batting practice at the <b>Estadio Manuel Fuentes Borges<\/b> a few days earlier \u2014 Baracoa plays in a league of teams from smaller towns throughout the state of Guantanamo \u2014 the catcher for the team is ranked #5 for the national team (see below).\r\n\r\n<a href=\"https:\/\/i0.wp.com\/agencyveneer.com\/WP\/assets\/IMG_0044.jpg\" rel=\"attachment wp-att-811\"><img data-recalc-dims=\"1\" decoding=\"async\" src=\"https:\/\/i0.wp.com\/agencyveneer.com\/WP\/assets\/IMG_0044-300x161.jpg?resize=640%2C336\" alt=\"IMG_0044\" width=\"640\" height=\"336\" loading=\"lazy\"><\/a>\r\n\r\nIn the 1860s, baseball was introduced to Cuba by American sailors on trading vessels that ported in the country and by Cubans who studied in the U.S. and returned tools of the game, like bats and balls. Cubans quickly adopted the sport and leagues started all over the island.\r\n\r\nNow beisbol is a national passion. The Cuban League\u2019s regular season is called the Serie Nacional (National Series) and consists of a 90-game schedule played between November and May. The 16-team circuit includes clubs in all provincial capitals and 2 teams in Havana. The Serie Nacional is composed of four divisions. In Group A the teams are the Industriales (Havana), the Metropolitanos (Havana), Pinar del R\u00edo, and Isla de la Juventud; in Group B are Havana Province, Villa Clara, Camag\u00fcey, and Guant\u00e1namo; in Group C are Granma, Holgu\u00edn, Las Tunas, and Ciego de \u00c1vila; and in Group D are Santiago de Cuba, Sancti Sp\u00edritus, Cienfuegos, and Matanzas.\r\n\r\nVideo of the Industriales vs Granma game in Havana:\r\n\r\n\r\n<a href=\"https:\/\/i0.wp.com\/agencyveneer.com\/WP\/assets\/IMG_0052-1.jpg\" rel=\"attachment wp-att-810\"><img data-recalc-dims=\"1\" decoding=\"async\" src=\"https:\/\/i0.wp.com\/agencyveneer.com\/WP\/assets\/IMG_0052-1.jpg?resize=640%2C336\" alt=\"IMG_0052\" width=\"640\" height=\"336\" loading=\"lazy\"><\/a>\r\n<b>Hometown Batter<\/b>\r\n<br>\r\n<a href=\"https:\/\/i0.wp.com\/agencyveneer.com\/WP\/assets\/IMG_0063.jpg\" rel=\"attachment wp-att-815\"><img data-recalc-dims=\"1\" decoding=\"async\" src=\"https:\/\/i0.wp.com\/agencyveneer.com\/WP\/assets\/IMG_0063.jpg?resize=640%2C336\" alt=\"IMG_0063\" width=\"640\" height=\"336\" loading=\"lazy\"><\/a>\r\n<b>Granma Player \u2014 players are surprisingly approachable<\/b>\r\n<br>\r\n<a href=\"https:\/\/i0.wp.com\/agencyveneer.com\/WP\/assets\/IMG_0062.jpg\" rel=\"attachment wp-att-814\"><img data-recalc-dims=\"1\" decoding=\"async\" src=\"https:\/\/i0.wp.com\/agencyveneer.com\/WP\/assets\/IMG_0062.jpg?resize=640%2C336\" alt=\"IMG_0062\" width=\"640\" height=\"336\" loading=\"lazy\"><\/a>\r\n<b>A Young Railbird<\/b>\r\n<br>\r\n<a href=\"https:\/\/i0.wp.com\/agencyveneer.com\/WP\/assets\/IMG_0043.jpg\" rel=\"attachment wp-att-817\"><img data-recalc-dims=\"1\" decoding=\"async\" src=\"https:\/\/i0.wp.com\/agencyveneer.com\/WP\/assets\/IMG_0043.jpg?resize=640%2C336\" alt=\"IMG_0043\" width=\"640\" height=\"336\" loading=\"lazy\"><\/a>\r\n<b>National TV Coverage of the big game<\/b>\r\n<br>\r\n<a href=\"https:\/\/i0.wp.com\/agencyveneer.com\/WP\/assets\/IMG_0048.jpg\" rel=\"attachment wp-att-818\"><img data-recalc-dims=\"1\" decoding=\"async\" src=\"https:\/\/i0.wp.com\/agencyveneer.com\/WP\/assets\/IMG_0048.jpg?resize=640%2C336\" alt=\"IMG_0048\" width=\"640\" height=\"336\" loading=\"lazy\"><\/a>\r\n<b>The Fastfood of Choice \u2014 Pork Sandwich (cost 30 cents)<\/b>\r\n<br>\r\n<a href=\"https:\/\/i0.wp.com\/agencyveneer.com\/WP\/assets\/IMG_0056.jpg\" rel=\"attachment wp-att-819\"><img data-recalc-dims=\"1\" decoding=\"async\" src=\"https:\/\/i0.wp.com\/agencyveneer.com\/WP\/assets\/IMG_0056.jpg?resize=640%2C336\" alt=\"IMG_0056\" width=\"640\" height=\"336\" loading=\"lazy\"><\/a>\r\n<b>Getting your picture taken with the Team\u2019s Star<\/b>\r\n<br>\r\n<a href=\"https:\/\/i0.wp.com\/agencyveneer.com\/WP\/assets\/IMG_0065.jpg\" rel=\"attachment wp-att-820\"><img data-recalc-dims=\"1\" decoding=\"async\" src=\"https:\/\/i0.wp.com\/agencyveneer.com\/WP\/assets\/IMG_0065.jpg?resize=640%2C336\" alt=\"IMG_0065\" width=\"640\" height=\"336\" loading=\"lazy\"><\/a>\r\n<b>A Young Railbird<\/b>\r\n<br>\r\n<a href=\"https:\/\/i0.wp.com\/agencyveneer.com\/WP\/assets\/IMG_0068.jpg\" rel=\"attachment wp-att-821\"><img data-recalc-dims=\"1\" decoding=\"async\" src=\"https:\/\/i0.wp.com\/agencyveneer.com\/WP\/assets\/IMG_0068.jpg?resize=640%2C336\" alt=\"IMG_0068\" width=\"640\" height=\"336\" loading=\"lazy\"><\/a>\r\n<b>Young fans \u2014 all bundled up because it is winter in Havana (about 15C)<\/b>\r\n<br>\r\n<a href=\"https:\/\/i0.wp.com\/agencyveneer.com\/WP\/assets\/IMG_0059.jpg\" rel=\"attachment wp-att-822\"><img data-recalc-dims=\"1\" decoding=\"async\" src=\"https:\/\/i0.wp.com\/agencyveneer.com\/WP\/assets\/IMG_0059.jpg?resize=640%2C336\" alt=\"IMG_0059\" width=\"640\" height=\"336\" loading=\"lazy\"><\/a>\r\n<b>A Old Railbird<\/b>\r\n<br>\r\n<a href=\"https:\/\/i0.wp.com\/agencyveneer.com\/WP\/assets\/IMG_0061.jpg\" rel=\"attachment wp-att-823\"><img data-recalc-dims=\"1\" decoding=\"async\" src=\"https:\/\/i0.wp.com\/agencyveneer.com\/WP\/assets\/IMG_0061.jpg?resize=640%2C336\" alt=\"IMG_0061\" width=\"640\" height=\"336\" loading=\"lazy\"><\/a>\r\n<b>A Veteran Railbird<\/b>\r\n<br><div class=\"learnpress\"><div class=\"learn-press-message error\">This shortcode LP Profile only use on the page <a href=\"https:\/\/agencyveneer.com\/WP\/wp-admin\/admin.php?page=learn-press-settings\"><strong>Profile<\/strong><\/a><\/div><\/div>\n<\/body>","protected":false},"excerpt":{"rendered":"<p>I attended the 1st game of a double-header between Industriales de La Habana (the Yankees of Cuban ball) vs Bayamo [&hellip;]<\/p>\n","protected":false},"author":1,"featured_media":666,"parent":643,"menu_order":0,"comment_status":"closed","ping_status":"closed","template":"","meta":{"footnotes":""},"class_list":["post-665","page","type-page","status-publish","has-post-thumbnail","hentry"],"yoast_head":"<!-- This site is optimized with the Yoast SEO plugin v27.4 - https:\/\/yoast.com\/product\/yoast-seo-wordpress\/ -->\n<title>Beisbol - Hambleton Imageworks<\/title>\n<meta name=\"robots\" content=\"index, follow, max-snippet:-1, max-image-preview:large, max-video-preview:-1\" \/>\n<link rel=\"canonical\" href=\"https:\/\/agencyveneer.com\/WP\/cuba\/beisbol\/\" \/>\n<meta property=\"og:locale\" content=\"en_US\" \/>\n<meta property=\"og:type\" content=\"article\" \/>\n<meta property=\"og:title\" content=\"Beisbol - Hambleton Imageworks\" \/>\n<meta property=\"og:description\" content=\"I attended the 1st game of a double-header between Industriales de La Habana (the Yankees of Cuban ball) vs Bayamo [&hellip;]\" \/>\n<meta property=\"og:url\" content=\"https:\/\/agencyveneer.com\/WP\/cuba\/beisbol\/\" \/>\n<meta property=\"og:site_name\" content=\"Hambleton Imageworks\" \/>\n<meta property=\"article:modified_time\" content=\"2025-06-08T23:37:03+00:00\" \/>\n<meta property=\"og:image\" content=\"https:\/\/agencyveneer.com\/WP\/assets\/IMG_0052.jpg\" \/>\n\t<meta property=\"og:image:width\" content=\"1024\" \/>\n\t<meta property=\"og:image:height\" content=\"630\" \/>\n\t<meta property=\"og:image:type\" content=\"image\/jpeg\" \/>\n<meta name=\"twitter:card\" content=\"summary_large_image\" \/>\n<meta name=\"twitter:site\" content=\"@zhambone\" \/>\n<meta name=\"twitter:label1\" content=\"Est. reading time\" \/>\n\t<meta name=\"twitter:data1\" content=\"4 minutes\" \/>\n<script type=\"application\/ld+json\" class=\"yoast-schema-graph\">{\"@context\":\"https:\\\/\\\/schema.org\",\"@graph\":[{\"@type\":\"WebPage\",\"@id\":\"https:\\\/\\\/agencyveneer.com\\\/WP\\\/cuba\\\/beisbol\\\/\",\"url\":\"https:\\\/\\\/agencyveneer.com\\\/WP\\\/cuba\\\/beisbol\\\/\",\"name\":\"Beisbol - Hambleton Imageworks\",\"isPartOf\":{\"@id\":\"https:\\\/\\\/agencyveneer.com\\\/WP\\\/#website\"},\"primaryImageOfPage\":{\"@id\":\"https:\\\/\\\/agencyveneer.com\\\/WP\\\/cuba\\\/beisbol\\\/#primaryimage\"},\"image\":{\"@id\":\"https:\\\/\\\/agencyveneer.com\\\/WP\\\/cuba\\\/beisbol\\\/#primaryimage\"},\"thumbnailUrl\":\"https:\\\/\\\/i0.wp.com\\\/agencyveneer.com\\\/WP\\\/assets\\\/IMG_0052.jpg?fit=1024%2C630&ssl=1\",\"datePublished\":\"2016-02-01T18:30:53+00:00\",\"dateModified\":\"2025-06-08T23:37:03+00:00\",\"breadcrumb\":{\"@id\":\"https:\\\/\\\/agencyveneer.com\\\/WP\\\/cuba\\\/beisbol\\\/#breadcrumb\"},\"inLanguage\":\"en-US\",\"potentialAction\":[{\"@type\":\"ReadAction\",\"target\":[\"https:\\\/\\\/agencyveneer.com\\\/WP\\\/cuba\\\/beisbol\\\/\"]}]},{\"@type\":\"ImageObject\",\"inLanguage\":\"en-US\",\"@id\":\"https:\\\/\\\/agencyveneer.com\\\/WP\\\/cuba\\\/beisbol\\\/#primaryimage\",\"url\":\"https:\\\/\\\/i0.wp.com\\\/agencyveneer.com\\\/WP\\\/assets\\\/IMG_0052.jpg?fit=1024%2C630&ssl=1\",\"contentUrl\":\"https:\\\/\\\/i0.wp.com\\\/agencyveneer.com\\\/WP\\\/assets\\\/IMG_0052.jpg?fit=1024%2C630&ssl=1\",\"width\":1024,\"height\":630},{\"@type\":\"BreadcrumbList\",\"@id\":\"https:\\\/\\\/agencyveneer.com\\\/WP\\\/cuba\\\/beisbol\\\/#breadcrumb\",\"itemListElement\":[{\"@type\":\"ListItem\",\"position\":1,\"name\":\"Home\",\"item\":\"https:\\\/\\\/agencyveneer.com\\\/WP\\\/\"},{\"@type\":\"ListItem\",\"position\":2,\"name\":\"Cuba\",\"item\":\"https:\\\/\\\/agencyveneer.com\\\/WP\\\/\"},{\"@type\":\"ListItem\",\"position\":3,\"name\":\"Beisbol\"}]},{\"@type\":\"WebSite\",\"@id\":\"https:\\\/\\\/agencyveneer.com\\\/WP\\\/#website\",\"url\":\"https:\\\/\\\/agencyveneer.com\\\/WP\\\/\",\"name\":\"Hambleton Imageworks\",\"description\":\"Travel photos and blogs\",\"publisher\":{\"@id\":\"https:\\\/\\\/agencyveneer.com\\\/WP\\\/#\\\/schema\\\/person\\\/366ff0ecfc62e695bfb3d54432de4734\"},\"potentialAction\":[{\"@type\":\"SearchAction\",\"target\":{\"@type\":\"EntryPoint\",\"urlTemplate\":\"https:\\\/\\\/agencyveneer.com\\\/WP\\\/?s={search_term_string}\"},\"query-input\":{\"@type\":\"PropertyValueSpecification\",\"valueRequired\":true,\"valueName\":\"search_term_string\"}}],\"inLanguage\":\"en-US\"},{\"@type\":[\"Person\",\"Organization\"],\"@id\":\"https:\\\/\\\/agencyveneer.com\\\/WP\\\/#\\\/schema\\\/person\\\/366ff0ecfc62e695bfb3d54432de4734\",\"name\":\"hambone\",\"image\":{\"@type\":\"ImageObject\",\"inLanguage\":\"en-US\",\"@id\":\"https:\\\/\\\/agencyveneer.com\\\/WP\\\/assets\\\/cropped-41.jpg\",\"url\":\"https:\\\/\\\/agencyveneer.com\\\/WP\\\/assets\\\/cropped-41.jpg\",\"contentUrl\":\"https:\\\/\\\/agencyveneer.com\\\/WP\\\/assets\\\/cropped-41.jpg\",\"width\":300,\"height\":213,\"caption\":\"hambone\"},\"logo\":{\"@id\":\"https:\\\/\\\/agencyveneer.com\\\/WP\\\/assets\\\/cropped-41.jpg\"},\"description\":\"World traveler.\",\"sameAs\":[\"https:\\\/\\\/www.travelpixsite.com\\\/\"]}]}<\/script>\n<!-- \/ Yoast SEO plugin. -->","yoast_head_json":{"title":"Beisbol - Hambleton Imageworks","robots":{"index":"index","follow":"follow","max-snippet":"max-snippet:-1","max-image-preview":"max-image-preview:large","max-video-preview":"max-video-preview:-1"},"canonical":"https:\/\/agencyveneer.com\/WP\/cuba\/beisbol\/","og_locale":"en_US","og_type":"article","og_title":"Beisbol - Hambleton Imageworks","og_description":"I attended the 1st game of a double-header between Industriales de La Habana (the Yankees of Cuban ball) vs Bayamo [&hellip;]","og_url":"https:\/\/agencyveneer.com\/WP\/cuba\/beisbol\/","og_site_name":"Hambleton Imageworks","article_modified_time":"2025-06-08T23:37:03+00:00","og_image":[{"width":1024,"height":630,"url":"https:\/\/agencyveneer.com\/WP\/assets\/IMG_0052.jpg","type":"image\/jpeg"}],"twitter_card":"summary_large_image","twitter_site":"@zhambone","twitter_misc":{"Est. reading time":"4 minutes"},"schema":{"@context":"https:\/\/schema.org","@graph":[{"@type":"WebPage","@id":"https:\/\/agencyveneer.com\/WP\/cuba\/beisbol\/","url":"https:\/\/agencyveneer.com\/WP\/cuba\/beisbol\/","name":"Beisbol - Hambleton Imageworks","isPartOf":{"@id":"https:\/\/agencyveneer.com\/WP\/#website"},"primaryImageOfPage":{"@id":"https:\/\/agencyveneer.com\/WP\/cuba\/beisbol\/#primaryimage"},"image":{"@id":"https:\/\/agencyveneer.com\/WP\/cuba\/beisbol\/#primaryimage"},"thumbnailUrl":"https:\/\/i0.wp.com\/agencyveneer.com\/WP\/assets\/IMG_0052.jpg?fit=1024%2C630&ssl=1","datePublished":"2016-02-01T18:30:53+00:00","dateModified":"2025-06-08T23:37:03+00:00","breadcrumb":{"@id":"https:\/\/agencyveneer.com\/WP\/cuba\/beisbol\/#breadcrumb"},"inLanguage":"en-US","potentialAction":[{"@type":"ReadAction","target":["https:\/\/agencyveneer.com\/WP\/cuba\/beisbol\/"]}]},{"@type":"ImageObject","inLanguage":"en-US","@id":"https:\/\/agencyveneer.com\/WP\/cuba\/beisbol\/#primaryimage","url":"https:\/\/i0.wp.com\/agencyveneer.com\/WP\/assets\/IMG_0052.jpg?fit=1024%2C630&ssl=1","contentUrl":"https:\/\/i0.wp.com\/agencyveneer.com\/WP\/assets\/IMG_0052.jpg?fit=1024%2C630&ssl=1","width":1024,"height":630},{"@type":"BreadcrumbList","@id":"https:\/\/agencyveneer.com\/WP\/cuba\/beisbol\/#breadcrumb","itemListElement":[{"@type":"ListItem","position":1,"name":"Home","item":"https:\/\/agencyveneer.com\/WP\/"},{"@type":"ListItem","position":2,"name":"Cuba","item":"https:\/\/agencyveneer.com\/WP\/"},{"@type":"ListItem","position":3,"name":"Beisbol"}]},{"@type":"WebSite","@id":"https:\/\/agencyveneer.com\/WP\/#website","url":"https:\/\/agencyveneer.com\/WP\/","name":"Hambleton Imageworks","description":"Travel photos and blogs","publisher":{"@id":"https:\/\/agencyveneer.com\/WP\/#\/schema\/person\/366ff0ecfc62e695bfb3d54432de4734"},"potentialAction":[{"@type":"SearchAction","target":{"@type":"EntryPoint","urlTemplate":"https:\/\/agencyveneer.com\/WP\/?s={search_term_string}"},"query-input":{"@type":"PropertyValueSpecification","valueRequired":true,"valueName":"search_term_string"}}],"inLanguage":"en-US"},{"@type":["Person","Organization"],"@id":"https:\/\/agencyveneer.com\/WP\/#\/schema\/person\/366ff0ecfc62e695bfb3d54432de4734","name":"hambone","image":{"@type":"ImageObject","inLanguage":"en-US","@id":"https:\/\/agencyveneer.com\/WP\/assets\/cropped-41.jpg","url":"https:\/\/agencyveneer.com\/WP\/assets\/cropped-41.jpg","contentUrl":"https:\/\/agencyveneer.com\/WP\/assets\/cropped-41.jpg","width":300,"height":213,"caption":"hambone"},"logo":{"@id":"https:\/\/agencyveneer.com\/WP\/assets\/cropped-41.jpg"},"description":"World traveler.","sameAs":["https:\/\/www.travelpixsite.com\/"]}]}},"jetpack_sharing_enabled":true,"_links":{"self":[{"href":"https:\/\/agencyveneer.com\/WP\/wp-json\/wp\/v2\/pages\/665","targetHints":{"allow":["GET"]}}],"collection":[{"href":"https:\/\/agencyveneer.com\/WP\/wp-json\/wp\/v2\/pages"}],"about":[{"href":"https:\/\/agencyveneer.com\/WP\/wp-json\/wp\/v2\/types\/page"}],"author":[{"embeddable":true,"href":"https:\/\/agencyveneer.com\/WP\/wp-json\/wp\/v2\/users\/1"}],"replies":[{"embeddable":true,"href":"https:\/\/agencyveneer.com\/WP\/wp-json\/wp\/v2\/comments?post=665"}],"version-history":[{"count":1,"href":"https:\/\/agencyveneer.com\/WP\/wp-json\/wp\/v2\/pages\/665\/revisions"}],"predecessor-version":[{"id":2675,"href":"https:\/\/agencyveneer.com\/WP\/wp-json\/wp\/v2\/pages\/665\/revisions\/2675"}],"up":[{"embeddable":true,"href":"https:\/\/agencyveneer.com\/WP\/wp-json\/wp\/v2\/pages\/643"}],"wp:featuredmedia":[{"embeddable":true,"href":"https:\/\/agencyveneer.com\/WP\/wp-json\/wp\/v2\/media\/666"}],"wp:attachment":[{"href":"https:\/\/agencyveneer.com\/WP\/wp-json\/wp\/v2\/media?parent=665"}],"curies":[{"name":"wp","href":"https:\/\/api.w.org\/{rel}","templated":true}]}}